{"id":507,"date":"2025-02-25T16:30:47","date_gmt":"2025-02-25T16:30:47","guid":{"rendered":"https:\/\/motorenbau-dingden.com\/?page_id=507"},"modified":"2025-04-13T09:32:27","modified_gmt":"2025-04-13T09:32:27","slug":"eigenproduktion","status":"publish","type":"page","link":"https:\/\/motorenbau-dingden.com\/index.php\/eigenproduktion\/","title":{"rendered":"Eigenproduktion"},"content":{"rendered":"\t\t<div data-elementor-type=\"wp-page\" data-elementor-id=\"507\" class=\"elementor elementor-507\" data-elementor-post-type=\"page\">\n\t\t\t\t\t\t<section class=\"elementor-section elementor-top-section elementor-element elementor-element-5fced2a elementor-section-boxed elementor-section-height-default elementor-section-height-default\" data-id=\"5fced2a\" data-element_type=\"section\" data-e-type=\"section\">\n\t\t\t\t\t\t<div class=\"elementor-container elementor-column-gap-default\">\n\t\t\t\t\t<div class=\"elementor-column elementor-col-100 elementor-top-column elementor-element elementor-element-1e5177f7\" data-id=\"1e5177f7\" data-element_type=\"column\" data-e-type=\"column\">\n\t\t\t<div class=\"elementor-widget-wrap elementor-element-populated\">\n\t\t\t\t\t\t<div class=\"elementor-element elementor-element-6df006a elementor-widget elementor-widget-heading\" data-id=\"6df006a\" data-element_type=\"widget\" data-e-type=\"widget\" data-widget_type=\"heading.default\">\n\t\t\t\t<div class=\"elementor-widget-container\">\n\t\t\t\t\t<h2 class=\"elementor-heading-title elementor-size-default\">\u2014\u2014 Pr\u00e4zision und Qualit\u00e4t<\/h2>\t\t\t\t<\/div>\n\t\t\t\t<\/div>\n\t\t\t\t<div class=\"elementor-element elementor-element-40a7cdbe elementor-widget elementor-widget-heading\" data-id=\"40a7cdbe\" data-element_type=\"widget\" data-e-type=\"widget\" data-widget_type=\"heading.default\">\n\t\t\t\t<div class=\"elementor-widget-container\">\n\t\t\t\t\t<h1 class=\"elementor-heading-title elementor-size-default\">Eigenproduktion - seit \u00fcber 30 Jahren<\/h1>\t\t\t\t<\/div>\n\t\t\t\t<\/div>\n\t\t\t\t<section class=\"elementor-section elementor-inner-section elementor-element elementor-element-3ef14c9c elementor-section-boxed elementor-section-height-default elementor-section-height-default\" data-id=\"3ef14c9c\" data-element_type=\"section\" data-e-type=\"section\">\n\t\t\t\t\t\t<div class=\"elementor-container elementor-column-gap-default\">\n\t\t\t\t\t<div class=\"elementor-column elementor-col-50 elementor-inner-column elementor-element elementor-element-19effd9f\" data-id=\"19effd9f\" data-element_type=\"column\" data-e-type=\"column\">\n\t\t\t<div class=\"elementor-widget-wrap elementor-element-populated\">\n\t\t\t\t\t\t<div class=\"elementor-element elementor-element-197d3efb elementor-widget elementor-widget-text-editor\" data-id=\"197d3efb\" data-element_type=\"widget\" data-e-type=\"widget\" data-widget_type=\"text-editor.default\">\n\t\t\t\t<div class=\"elementor-widget-container\">\n\t\t\t\t\t\t\t\t\t<p data-start=\"27\" data-end=\"355\"><strong>Seit \u00fcber 30 Jahren<\/strong> steht die <strong data-start=\"61\" data-end=\"80\">Eigenproduktion<\/strong> von Motorenbau Dingden f\u00fcr h\u00f6chste Qualit\u00e4t und Pr\u00e4zision. Unser Leistungsspektrum umfasst die Entwicklung und Fertigung von <strong data-start=\"206\" data-end=\"237\">Spezialmotoren f\u00fcr Hoch\u00f6fen<\/strong> sowie eine umfassende <strong data-start=\"260\" data-end=\"287\">mechanische Bearbeitung<\/strong>, die individuelle Anpassungen und Sonderanfertigungen erm\u00f6glicht.<\/p><p data-start=\"357\" data-end=\"706\">Mit modernster Technik und langj\u00e4hriger Erfahrung bieten wir ma\u00dfgeschneiderte L\u00f6sungen f\u00fcr industrielle Anwendungen. Ob <strong data-start=\"477\" data-end=\"545\">Neufertigung, Reparatur oder Optimierung bestehender Komponenten<\/strong> \u2013 unsere Eigenproduktion garantiert zuverl\u00e4ssige und leistungsstarke Antriebssysteme sowie pr\u00e4zise gefertigte Bauteile f\u00fcr anspruchsvolle Einsatzbereiche.<\/p>\t\t\t\t\t\t\t\t<\/div>\n\t\t\t\t<\/div>\n\t\t\t\t\t<\/div>\n\t\t<\/div>\n\t\t\t\t<div class=\"elementor-column elementor-col-50 elementor-inner-column elementor-element elementor-element-8e32320\" data-id=\"8e32320\" data-element_type=\"column\" data-e-type=\"column\">\n\t\t\t<div class=\"elementor-widget-wrap elementor-element-populated\">\n\t\t\t\t\t\t<div class=\"elementor-element elementor-element-1dce8647 elementor-align-right elementor-mobile-align-left elementor-widget elementor-widget-button\" data-id=\"1dce8647\" data-element_type=\"widget\" data-e-type=\"widget\" data-widget_type=\"button.default\">\n\t\t\t\t<div class=\"elementor-widget-container\">\n\t\t\t\t\t\t\t\t\t<div class=\"elementor-button-wrapper\">\n\t\t\t\t\t<a class=\"elementor-button elementor-button-link elementor-size-sm\" href=\"#leistungen\">\n\t\t\t\t\t\t<span class=\"elementor-button-content-wrapper\">\n\t\t\t\t\t\t\t\t\t<span class=\"elementor-button-text\">Zu den Leistungen<\/span>\n\t\t\t\t\t<\/span>\n\t\t\t\t\t<\/a>\n\t\t\t\t<\/div>\n\t\t\t\t\t\t\t\t<\/div>\n\t\t\t\t<\/div>\n\t\t\t\t\t<\/div>\n\t\t<\/div>\n\t\t\t\t\t<\/div>\n\t\t<\/section>\n\t\t\t\t\t<\/div>\n\t\t<\/div>\n\t\t\t\t\t<\/div>\n\t\t<\/section>\n\t\t\t\t<section class=\"elementor-section elementor-top-section elementor-element elementor-element-28a5d281 elementor-section-full_width elementor-section-stretched elementor-section-height-default elementor-section-height-default\" data-id=\"28a5d281\" data-element_type=\"section\" data-e-type=\"section\" data-settings=\"{&quot;stretch_section&quot;:&quot;section-stretched&quot;}\">\n\t\t\t\t\t\t<div class=\"elementor-container elementor-column-gap-no\">\n\t\t\t\t\t<div class=\"elementor-column elementor-col-100 elementor-top-column elementor-element elementor-element-4a8b94a8\" data-id=\"4a8b94a8\" data-element_type=\"column\" data-e-type=\"column\">\n\t\t\t<div class=\"elementor-widget-wrap elementor-element-populated\">\n\t\t\t\t\t\t<div class=\"elementor-element elementor-element-9b72e33 elementor-widget-divider--view-line elementor-widget elementor-widget-divider\" data-id=\"9b72e33\" data-element_type=\"widget\" data-e-type=\"widget\" data-widget_type=\"divider.default\">\n\t\t\t\t<div class=\"elementor-widget-container\">\n\t\t\t\t\t\t\t<div class=\"elementor-divider\">\n\t\t\t<span class=\"elementor-divider-separator\">\n\t\t\t\t\t\t<\/span>\n\t\t<\/div>\n\t\t\t\t\t\t<\/div>\n\t\t\t\t<\/div>\n\t\t\t\t\t<\/div>\n\t\t<\/div>\n\t\t\t\t\t<\/div>\n\t\t<\/section>\n\t\t\t\t<section class=\"elementor-section elementor-top-section elementor-element elementor-element-21ef65d2 elementor-section-boxed elementor-section-height-default elementor-section-height-default\" data-id=\"21ef65d2\" data-element_type=\"section\" data-e-type=\"section\" id=\"leistungen\">\n\t\t\t\t\t\t<div class=\"elementor-container elementor-column-gap-default\">\n\t\t\t\t\t<div class=\"elementor-column elementor-col-50 elementor-top-column elementor-element elementor-element-559da801\" data-id=\"559da801\" data-element_type=\"column\" data-e-type=\"column\" data-settings=\"{&quot;background_background&quot;:&quot;classic&quot;}\">\n\t\t\t<div class=\"elementor-widget-wrap elementor-element-populated\">\n\t\t\t\t\t\t<section class=\"elementor-section elementor-inner-section elementor-element elementor-element-63f8553b elementor-section-boxed elementor-section-height-default elementor-section-height-default\" data-id=\"63f8553b\" data-element_type=\"section\" data-e-type=\"section\" id=\"cam\">\n\t\t\t\t\t\t<div class=\"elementor-container elementor-column-gap-default\">\n\t\t\t\t\t<div class=\"elementor-column elementor-col-100 elementor-inner-column elementor-element elementor-element-5df138ac\" data-id=\"5df138ac\" data-element_type=\"column\" data-e-type=\"column\" data-settings=\"{&quot;background_background&quot;:&quot;classic&quot;}\">\n\t\t\t<div class=\"elementor-widget-wrap elementor-element-populated\">\n\t\t\t\t\t\t<div class=\"elementor-element elementor-element-10471d3c elementor-widget__width-initial elementor-widget elementor-widget-heading\" data-id=\"10471d3c\" data-element_type=\"widget\" data-e-type=\"widget\" data-widget_type=\"heading.default\">\n\t\t\t\t<div class=\"elementor-widget-container\">\n\t\t\t\t\t<h2 class=\"elementor-heading-title elementor-size-default\">Eigenproduktion<\/h2>\t\t\t\t<\/div>\n\t\t\t\t<\/div>\n\t\t\t\t<div class=\"elementor-element elementor-element-4051d462 elementor-view-default elementor-widget elementor-widget-icon\" data-id=\"4051d462\" data-element_type=\"widget\" data-e-type=\"widget\" data-widget_type=\"icon.default\">\n\t\t\t\t<div class=\"elementor-widget-container\">\n\t\t\t\t\t\t\t<div class=\"elementor-icon-wrapper\">\n\t\t\t<div class=\"elementor-icon\">\n\t\t\t<i aria-hidden=\"true\" class=\"fas fa-cogs\"><\/i>\t\t\t<\/div>\n\t\t<\/div>\n\t\t\t\t\t\t<\/div>\n\t\t\t\t<\/div>\n\t\t\t\t<div class=\"elementor-element elementor-element-15dd6da0 elementor-widget elementor-widget-heading\" data-id=\"15dd6da0\" data-element_type=\"widget\" data-e-type=\"widget\" id=\"spezialmotoren\" data-widget_type=\"heading.default\">\n\t\t\t\t<div class=\"elementor-widget-container\">\n\t\t\t\t\t<h2 class=\"elementor-heading-title elementor-size-default\">CAMV &amp; CAM Spezialmotoren<\/h2>\t\t\t\t<\/div>\n\t\t\t\t<\/div>\n\t\t\t\t<div class=\"elementor-element elementor-element-2b4ac521 elementor-widget elementor-widget-text-editor\" data-id=\"2b4ac521\" data-element_type=\"widget\" data-e-type=\"widget\" data-widget_type=\"text-editor.default\">\n\t\t\t\t<div class=\"elementor-widget-container\">\n\t\t\t\t\t\t\t\t\t<p>Unsere <strong data-start=\"59\" data-end=\"90\">Spezialmotoren CAMV und CAM<\/strong> in <strong data-start=\"94\" data-end=\"123\">Guss- und Stahlausf\u00fchrung<\/strong> sind speziell f\u00fcr den Einsatz in <strong data-start=\"157\" data-end=\"197\">Hoch\u00f6fen, Gie\u00dfereien und Stahlwerken<\/strong> entwickelt. Sie sind f\u00fcr extreme Temperaturen und hohe Belastungen ausgelegt und garantieren eine zuverl\u00e4ssige, langlebige und leistungsstarke Antriebsl\u00f6sung f\u00fcr industrielle Anwendungen.<\/p><p>Dank unserer <strong data-start=\"301\" data-end=\"331\">eigenen Wicklungsabteilung<\/strong> wickeln und optimieren wir Motoren bis <strong data-start=\"371\" data-end=\"381\">900 kW<\/strong>, um <strong>h\u00f6chste Energieeffizienz<\/strong> und <strong data-start=\"386\" data-end=\"436\">lange Lebensdauer<\/strong> zu gew\u00e4hrleisten.<\/p>\t\t\t\t\t\t\t\t<\/div>\n\t\t\t\t<\/div>\n\t\t\t\t\t<\/div>\n\t\t<\/div>\n\t\t\t\t\t<\/div>\n\t\t<\/section>\n\t\t\t\t\t<\/div>\n\t\t<\/div>\n\t\t\t\t<div class=\"elementor-column elementor-col-50 elementor-top-column elementor-element elementor-element-52a327cd\" data-id=\"52a327cd\" data-element_type=\"column\" data-e-type=\"column\" data-settings=\"{&quot;background_background&quot;:&quot;classic&quot;}\">\n\t\t\t<div class=\"elementor-widget-wrap elementor-element-populated\">\n\t\t\t\t\t\t<section class=\"elementor-section elementor-inner-section elementor-element elementor-element-38f4d4f3 elementor-section-boxed elementor-section-height-default elementor-section-height-default\" data-id=\"38f4d4f3\" data-element_type=\"section\" data-e-type=\"section\" data-settings=\"{&quot;background_background&quot;:&quot;classic&quot;}\">\n\t\t\t\t\t\t<div class=\"elementor-container elementor-column-gap-default\">\n\t\t\t\t\t<div class=\"elementor-column elementor-col-100 elementor-inner-column elementor-element elementor-element-2ec2e5f5\" data-id=\"2ec2e5f5\" data-element_type=\"column\" data-e-type=\"column\">\n\t\t\t<div class=\"elementor-widget-wrap elementor-element-populated\">\n\t\t\t\t\t\t<div class=\"elementor-element elementor-element-dddb739 elementor-widget__width-initial elementor-widget elementor-widget-heading\" data-id=\"dddb739\" data-element_type=\"widget\" data-e-type=\"widget\" data-widget_type=\"heading.default\">\n\t\t\t\t<div class=\"elementor-widget-container\">\n\t\t\t\t\t<h2 class=\"elementor-heading-title elementor-size-default\">Serviceleistungen<\/h2>\t\t\t\t<\/div>\n\t\t\t\t<\/div>\n\t\t\t\t<div class=\"elementor-element elementor-element-4c31d304 elementor-view-default elementor-widget elementor-widget-icon\" data-id=\"4c31d304\" data-element_type=\"widget\" data-e-type=\"widget\" data-widget_type=\"icon.default\">\n\t\t\t\t<div class=\"elementor-widget-container\">\n\t\t\t\t\t\t\t<div class=\"elementor-icon-wrapper\">\n\t\t\t<div class=\"elementor-icon\">\n\t\t\t<i aria-hidden=\"true\" class=\"fas fa-tools\"><\/i>\t\t\t<\/div>\n\t\t<\/div>\n\t\t\t\t\t\t<\/div>\n\t\t\t\t<\/div>\n\t\t\t\t<div class=\"elementor-element elementor-element-4c62fd62 elementor-widget elementor-widget-heading\" data-id=\"4c62fd62\" data-element_type=\"widget\" data-e-type=\"widget\" data-widget_type=\"heading.default\">\n\t\t\t\t<div class=\"elementor-widget-container\">\n\t\t\t\t\t<h2 class=\"elementor-heading-title elementor-size-default\">Mechanische Bearbeitung<\/h2>\t\t\t\t<\/div>\n\t\t\t\t<\/div>\n\t\t\t\t<div class=\"elementor-element elementor-element-3ba21d7c elementor-widget elementor-widget-text-editor\" data-id=\"3ba21d7c\" data-element_type=\"widget\" data-e-type=\"widget\" data-widget_type=\"text-editor.default\">\n\t\t\t\t<div class=\"elementor-widget-container\">\n\t\t\t\t\t\t\t\t\t<p>Unsere <strong data-start=\"56\" data-end=\"83\">mechanische Bearbeitung<\/strong> erm\u00f6glicht die pr\u00e4zise Fertigung, Optimierung und Instandsetzung von Bauteilen nach h\u00f6chsten Qualit\u00e4tsstandards.<\/p>\t\t\t\t\t\t\t\t<\/div>\n\t\t\t\t<\/div>\n\t\t\t\t<div class=\"elementor-element elementor-element-6a7e276 elementor-icon-list--layout-traditional elementor-list-item-link-full_width elementor-widget elementor-widget-icon-list\" data-id=\"6a7e276\" data-element_type=\"widget\" data-e-type=\"widget\" data-widget_type=\"icon-list.default\">\n\t\t\t\t<div class=\"elementor-widget-container\">\n\t\t\t\t\t\t\t<ul class=\"elementor-icon-list-items\">\n\t\t\t\t\t\t\t<li class=\"elementor-icon-list-item\">\n\t\t\t\t\t\t\t\t\t\t\t<span class=\"elementor-icon-list-icon\">\n\t\t\t\t\t\t\t<i aria-hidden=\"true\" class=\"fas fa-check\"><\/i>\t\t\t\t\t\t<\/span>\n\t\t\t\t\t\t\t\t\t\t<span class=\"elementor-icon-list-text\">Drehen, Fr\u00e4sen &amp; Schleifen <\/span>\n\t\t\t\t\t\t\t\t\t<\/li>\n\t\t\t\t\t\t\t\t<li class=\"elementor-icon-list-item\">\n\t\t\t\t\t\t\t\t\t\t\t<span class=\"elementor-icon-list-icon\">\n\t\t\t\t\t\t\t<i aria-hidden=\"true\" class=\"fas fa-check\"><\/i>\t\t\t\t\t\t<\/span>\n\t\t\t\t\t\t\t\t\t\t<span class=\"elementor-icon-list-text\">Dynamisches &amp; statisches Wuchten <\/span>\n\t\t\t\t\t\t\t\t\t<\/li>\n\t\t\t\t\t\t\t\t<li class=\"elementor-icon-list-item\">\n\t\t\t\t\t\t\t\t\t\t\t<span class=\"elementor-icon-list-icon\">\n\t\t\t\t\t\t\t<i aria-hidden=\"true\" class=\"fas fa-check\"><\/i>\t\t\t\t\t\t<\/span>\n\t\t\t\t\t\t\t\t\t\t<span class=\"elementor-icon-list-text\">Sonderanfertigungen, Nachbauten und Einzelteile<\/span>\n\t\t\t\t\t\t\t\t\t<\/li>\n\t\t\t\t\t\t\t\t<li class=\"elementor-icon-list-item\">\n\t\t\t\t\t\t\t\t\t\t\t<span class=\"elementor-icon-list-icon\">\n\t\t\t\t\t\t\t<i aria-hidden=\"true\" class=\"fas fa-check\"><\/i>\t\t\t\t\t\t<\/span>\n\t\t\t\t\t\t\t\t\t\t<span class=\"elementor-icon-list-text\">Welle aufspritzen und Nachbearbeiten<\/span>\n\t\t\t\t\t\t\t\t\t<\/li>\n\t\t\t\t\t\t<\/ul>\n\t\t\t\t\t\t<\/div>\n\t\t\t\t<\/div>\n\t\t\t\t\t<\/div>\n\t\t<\/div>\n\t\t\t\t\t<\/div>\n\t\t<\/section>\n\t\t\t\t\t<\/div>\n\t\t<\/div>\n\t\t\t\t\t<\/div>\n\t\t<\/section>\n\t\t\t\t<\/div>\n\t\t","protected":false},"excerpt":{"rendered":"<p>\u2014\u2014 Pr\u00e4zision und Qualit\u00e4t Eigenproduktion &#8211; seit \u00fcber 30 Jahren Seit \u00fcber 30 Jahren steht die Eigenproduktion von Motorenbau Dingden f\u00fcr h\u00f6chste Qualit\u00e4t und Pr\u00e4zision. Unser Leistungsspektrum umfasst die Entwicklung und Fertigung von Spezialmotoren f\u00fcr Hoch\u00f6fen sowie eine umfassende mechanische Bearbeitung, die individuelle Anpassungen und Sonderanfertigungen erm\u00f6glicht. Mit modernster Technik und langj\u00e4hriger Erfahrung bieten wir [&hellip;]<\/p>\n","protected":false},"author":1,"featured_media":0,"parent":0,"menu_order":0,"comment_status":"closed","ping_status":"closed","template":"","meta":{"site-sidebar-layout":"no-sidebar","site-content-layout":"page-builder","ast-site-content-layout":"full-width-container","site-content-style":"default","site-sidebar-style":"default","ast-global-header-display":"","ast-banner-title-visibility":"","ast-main-header-display":"","ast-hfb-above-header-display":"","ast-hfb-below-header-display":"","ast-hfb-mobile-header-display":"","site-post-title":"disabled","ast-breadcrumbs-content":"","ast-featured-img":"disabled","footer-sml-layout":"","ast-disable-related-posts":"","theme-transparent-header-meta":"","adv-header-id-meta":"","stick-header-meta":"","header-above-stick-meta":"","header-main-stick-meta":"","header-below-stick-meta":"","astra-migrate-meta-layouts":"set","ast-page-background-enabled":"default","ast-page-background-meta":{"desktop":{"background-color":"var(--ast-global-color-4)","background-image":"","background-repeat":"repeat","background-position":"center center","background-size":"auto","background-attachment":"scroll","background-type":"","background-media":"","overlay-type":"","overlay-color":"","overlay-opacity":"","overlay-gradient":""},"tablet":{"background-color":"","background-image":"","background-repeat":"repeat","background-position":"center center","background-size":"auto","background-attachment":"scroll","background-type":"","background-media":"","overlay-type":"","overlay-color":"","overlay-opacity":"","overlay-gradient":""},"mobile":{"background-color":"","background-image":"","background-repeat":"repeat","background-position":"center center","background-size":"auto","background-attachment":"scroll","background-type":"","background-media":"","overlay-type":"","overlay-color":"","overlay-opacity":"","overlay-gradient":""}},"ast-content-background-meta":{"desktop":{"background-color":"var(--ast-global-color-5)","background-image":"","background-repeat":"repeat","background-position":"center center","background-size":"auto","background-attachment":"scroll","background-type":"","background-media":"","overlay-type":"","overlay-color":"","overlay-opacity":"","overlay-gradient":""},"tablet":{"background-color":"var(--ast-global-color-5)","background-image":"","background-repeat":"repeat","background-position":"center center","background-size":"auto","background-attachment":"scroll","background-type":"","background-media":"","overlay-type":"","overlay-color":"","overlay-opacity":"","overlay-gradient":""},"mobile":{"background-color":"var(--ast-global-color-5)","background-image":"","background-repeat":"repeat","background-position":"center center","background-size":"auto","background-attachment":"scroll","background-type":"","background-media":"","overlay-type":"","overlay-color":"","overlay-opacity":"","overlay-gradient":""}},"footnotes":""},"class_list":["post-507","page","type-page","status-publish","hentry"],"yoast_head":"<!-- This site is optimized with the Yoast SEO plugin v27.3 - https:\/\/yoast.com\/product\/yoast-seo-wordpress\/ -->\n<title>Eigenproduktion | Spezialmotoren | Motorenbau Dingen<\/title>\n<meta name=\"description\" content=\"Spezialmotoren aus eigener Produktion. Hochwertige Fertigung, Wicklungsservice und pr\u00e4zise Bearbeitung f\u00fcr industrielle Anwendungen.\" \/>\n<meta name=\"robots\" content=\"index, follow, max-snippet:-1, max-image-preview:large, max-video-preview:-1\" \/>\n<link rel=\"canonical\" href=\"https:\/\/motorenbau-dingden.com\/index.php\/eigenproduktion\/\" \/>\n<meta property=\"og:locale\" content=\"de_DE\" \/>\n<meta property=\"og:type\" content=\"article\" \/>\n<meta property=\"og:title\" content=\"Eigenproduktion | Spezialmotoren | Motorenbau Dingen\" \/>\n<meta property=\"og:description\" content=\"Spezialmotoren aus eigener Produktion. Hochwertige Fertigung, Wicklungsservice und pr\u00e4zise Bearbeitung f\u00fcr industrielle Anwendungen.\" \/>\n<meta property=\"og:url\" content=\"https:\/\/motorenbau-dingden.com\/index.php\/eigenproduktion\/\" \/>\n<meta property=\"og:site_name\" content=\"Motorenbau Dingen\" \/>\n<meta property=\"article:modified_time\" content=\"2025-04-13T09:32:27+00:00\" \/>\n<meta name=\"twitter:card\" content=\"summary_large_image\" \/>\n<meta name=\"twitter:label1\" content=\"Gesch\u00e4tzte Lesezeit\" \/>\n\t<meta name=\"twitter:data1\" content=\"1\u00a0Minute\" \/>\n<script type=\"application\/ld+json\" class=\"yoast-schema-graph\">{\"@context\":\"https:\\\/\\\/schema.org\",\"@graph\":[{\"@type\":\"WebPage\",\"@id\":\"https:\\\/\\\/motorenbau-dingden.com\\\/index.php\\\/eigenproduktion\\\/\",\"url\":\"https:\\\/\\\/motorenbau-dingden.com\\\/index.php\\\/eigenproduktion\\\/\",\"name\":\"Eigenproduktion | Spezialmotoren | Motorenbau Dingen\",\"isPartOf\":{\"@id\":\"https:\\\/\\\/motorenbau-dingden.com\\\/#website\"},\"datePublished\":\"2025-02-25T16:30:47+00:00\",\"dateModified\":\"2025-04-13T09:32:27+00:00\",\"description\":\"Spezialmotoren aus eigener Produktion. Hochwertige Fertigung, Wicklungsservice und pr\u00e4zise Bearbeitung f\u00fcr industrielle Anwendungen.\",\"breadcrumb\":{\"@id\":\"https:\\\/\\\/motorenbau-dingden.com\\\/index.php\\\/eigenproduktion\\\/#breadcrumb\"},\"inLanguage\":\"de\",\"potentialAction\":[{\"@type\":\"ReadAction\",\"target\":[\"https:\\\/\\\/motorenbau-dingden.com\\\/index.php\\\/eigenproduktion\\\/\"]}]},{\"@type\":\"BreadcrumbList\",\"@id\":\"https:\\\/\\\/motorenbau-dingden.com\\\/index.php\\\/eigenproduktion\\\/#breadcrumb\",\"itemListElement\":[{\"@type\":\"ListItem\",\"position\":1,\"name\":\"Startseite\",\"item\":\"https:\\\/\\\/motorenbau-dingden.com\\\/\"},{\"@type\":\"ListItem\",\"position\":2,\"name\":\"Eigenproduktion\"}]},{\"@type\":\"WebSite\",\"@id\":\"https:\\\/\\\/motorenbau-dingden.com\\\/#website\",\"url\":\"https:\\\/\\\/motorenbau-dingden.com\\\/\",\"name\":\"Motorenbau Dingen\",\"description\":\"Just another WordPress site\",\"publisher\":{\"@id\":\"https:\\\/\\\/motorenbau-dingden.com\\\/#organization\"},\"potentialAction\":[{\"@type\":\"SearchAction\",\"target\":{\"@type\":\"EntryPoint\",\"urlTemplate\":\"https:\\\/\\\/motorenbau-dingden.com\\\/?s={search_term_string}\"},\"query-input\":{\"@type\":\"PropertyValueSpecification\",\"valueRequired\":true,\"valueName\":\"search_term_string\"}}],\"inLanguage\":\"de\"},{\"@type\":\"Organization\",\"@id\":\"https:\\\/\\\/motorenbau-dingden.com\\\/#organization\",\"name\":\"Motorenbau Dingen\",\"url\":\"https:\\\/\\\/motorenbau-dingden.com\\\/\",\"logo\":{\"@type\":\"ImageObject\",\"inLanguage\":\"de\",\"@id\":\"https:\\\/\\\/motorenbau-dingden.com\\\/#\\\/schema\\\/logo\\\/image\\\/\",\"url\":\"https:\\\/\\\/motorenbau-dingden.com\\\/wp-content\\\/uploads\\\/2021\\\/12\\\/cropped-19-G-710-motorenbau-logo-rgb-removebg-preview.png\",\"contentUrl\":\"https:\\\/\\\/motorenbau-dingden.com\\\/wp-content\\\/uploads\\\/2021\\\/12\\\/cropped-19-G-710-motorenbau-logo-rgb-removebg-preview.png\",\"width\":920,\"height\":142,\"caption\":\"Motorenbau Dingen\"},\"image\":{\"@id\":\"https:\\\/\\\/motorenbau-dingden.com\\\/#\\\/schema\\\/logo\\\/image\\\/\"}}]}<\/script>\n<!-- \/ Yoast SEO plugin. -->","yoast_head_json":{"title":"Eigenproduktion | Spezialmotoren | Motorenbau Dingen","description":"Spezialmotoren aus eigener Produktion. Hochwertige Fertigung, Wicklungsservice und pr\u00e4zise Bearbeitung f\u00fcr industrielle Anwendungen.","robots":{"index":"index","follow":"follow","max-snippet":"max-snippet:-1","max-image-preview":"max-image-preview:large","max-video-preview":"max-video-preview:-1"},"canonical":"https:\/\/motorenbau-dingden.com\/index.php\/eigenproduktion\/","og_locale":"de_DE","og_type":"article","og_title":"Eigenproduktion | Spezialmotoren | Motorenbau Dingen","og_description":"Spezialmotoren aus eigener Produktion. Hochwertige Fertigung, Wicklungsservice und pr\u00e4zise Bearbeitung f\u00fcr industrielle Anwendungen.","og_url":"https:\/\/motorenbau-dingden.com\/index.php\/eigenproduktion\/","og_site_name":"Motorenbau Dingen","article_modified_time":"2025-04-13T09:32:27+00:00","twitter_card":"summary_large_image","twitter_misc":{"Gesch\u00e4tzte Lesezeit":"1\u00a0Minute"},"schema":{"@context":"https:\/\/schema.org","@graph":[{"@type":"WebPage","@id":"https:\/\/motorenbau-dingden.com\/index.php\/eigenproduktion\/","url":"https:\/\/motorenbau-dingden.com\/index.php\/eigenproduktion\/","name":"Eigenproduktion | Spezialmotoren | Motorenbau Dingen","isPartOf":{"@id":"https:\/\/motorenbau-dingden.com\/#website"},"datePublished":"2025-02-25T16:30:47+00:00","dateModified":"2025-04-13T09:32:27+00:00","description":"Spezialmotoren aus eigener Produktion. Hochwertige Fertigung, Wicklungsservice und pr\u00e4zise Bearbeitung f\u00fcr industrielle Anwendungen.","breadcrumb":{"@id":"https:\/\/motorenbau-dingden.com\/index.php\/eigenproduktion\/#breadcrumb"},"inLanguage":"de","potentialAction":[{"@type":"ReadAction","target":["https:\/\/motorenbau-dingden.com\/index.php\/eigenproduktion\/"]}]},{"@type":"BreadcrumbList","@id":"https:\/\/motorenbau-dingden.com\/index.php\/eigenproduktion\/#breadcrumb","itemListElement":[{"@type":"ListItem","position":1,"name":"Startseite","item":"https:\/\/motorenbau-dingden.com\/"},{"@type":"ListItem","position":2,"name":"Eigenproduktion"}]},{"@type":"WebSite","@id":"https:\/\/motorenbau-dingden.com\/#website","url":"https:\/\/motorenbau-dingden.com\/","name":"Motorenbau Dingen","description":"Just another WordPress site","publisher":{"@id":"https:\/\/motorenbau-dingden.com\/#organization"},"potentialAction":[{"@type":"SearchAction","target":{"@type":"EntryPoint","urlTemplate":"https:\/\/motorenbau-dingden.com\/?s={search_term_string}"},"query-input":{"@type":"PropertyValueSpecification","valueRequired":true,"valueName":"search_term_string"}}],"inLanguage":"de"},{"@type":"Organization","@id":"https:\/\/motorenbau-dingden.com\/#organization","name":"Motorenbau Dingen","url":"https:\/\/motorenbau-dingden.com\/","logo":{"@type":"ImageObject","inLanguage":"de","@id":"https:\/\/motorenbau-dingden.com\/#\/schema\/logo\/image\/","url":"https:\/\/motorenbau-dingden.com\/wp-content\/uploads\/2021\/12\/cropped-19-G-710-motorenbau-logo-rgb-removebg-preview.png","contentUrl":"https:\/\/motorenbau-dingden.com\/wp-content\/uploads\/2021\/12\/cropped-19-G-710-motorenbau-logo-rgb-removebg-preview.png","width":920,"height":142,"caption":"Motorenbau Dingen"},"image":{"@id":"https:\/\/motorenbau-dingden.com\/#\/schema\/logo\/image\/"}}]}},"_links":{"self":[{"href":"https:\/\/motorenbau-dingden.com\/index.php\/wp-json\/wp\/v2\/pages\/507","targetHints":{"allow":["GET"]}}],"collection":[{"href":"https:\/\/motorenbau-dingden.com\/index.php\/wp-json\/wp\/v2\/pages"}],"about":[{"href":"https:\/\/motorenbau-dingden.com\/index.php\/wp-json\/wp\/v2\/types\/page"}],"author":[{"embeddable":true,"href":"https:\/\/motorenbau-dingden.com\/index.php\/wp-json\/wp\/v2\/users\/1"}],"replies":[{"embeddable":true,"href":"https:\/\/motorenbau-dingden.com\/index.php\/wp-json\/wp\/v2\/comments?post=507"}],"version-history":[{"count":22,"href":"https:\/\/motorenbau-dingden.com\/index.php\/wp-json\/wp\/v2\/pages\/507\/revisions"}],"predecessor-version":[{"id":691,"href":"https:\/\/motorenbau-dingden.com\/index.php\/wp-json\/wp\/v2\/pages\/507\/revisions\/691"}],"wp:attachment":[{"href":"https:\/\/motorenbau-dingden.com\/index.php\/wp-json\/wp\/v2\/media?parent=507"}],"curies":[{"name":"wp","href":"https:\/\/api.w.org\/{rel}","templated":true}]}}